{"id":2434,"date":"2020-09-17T10:27:10","date_gmt":"2020-09-17T15:27:10","guid":{"rendered":"https:\/\/nayandtheplanet.com\/about\/"},"modified":"2023-12-26T13:53:47","modified_gmt":"2023-12-26T18:53:47","slug":"sobre","status":"publish","type":"page","link":"https:\/\/nayandtheplanet.com\/pt-br\/sobre\/","title":{"rendered":"Sobre"},"content":{"rendered":"\n<div class=\"wp-block-group alignfull has-white-background-color has-background is-layout-flow wp-block-group-is-layout-flow\">\n<div class=\"wp-block-media-text alignwide has-media-on-the-right is-stacked-on-mobile is-vertically-aligned-center\"><div class=\"wp-block-media-text__content\">\n<hr class=\"wp-block-separator has-text-color has-white-color has-css-opacity has-white-background-color has-background\"\/>\n\n\n\n<h4 class=\"wp-block-heading\">Oi! Eu me chamo Nayara.<\/h4>\n\n\n\n<h2 class=\"wp-block-heading\">Embarque comigo nesta aventura pelo planeta<\/h2>\n\n\n\n<p>Nascida em Belo Horizonte, Taurina com Ascendente em C\u00e2ncer e Lua em Aqu\u00e1rio. Meus principais lemas de vida s\u00e3o: conhecer as belezas do mundo, respeitar e viver em sintonia com a natureza, aprender constantemente e compartilhar conhecimento.<\/p>\n\n\n\n<p>Ap\u00f3s concluir minha gradua\u00e7\u00e3o em Comunica\u00e7\u00e3o no Brasil, resolvi vir para o Canad\u00e1 para estudar Business &#8211; Marketing. Com o in\u00edcio dessa nova jornada da minha vida, come\u00e7ei tamb\u00e9m a idealizar este blog com o intuito de dividir com voc\u00eas um pouco do que aprendi viajando sozinha pelo mundo, fazendo interc\u00e2mbios e construindo uma jornada consciente em nosso planeta.<\/p>\n\n\n\n<p>Nay and the Planet \u00e9 para quem, assim como eu, n\u00e3o quer perder nenhuma oportunidade de se aventurar pelo mundo e construir uma vida mais leve e feliz. Pretendo ainda viajar muito mais e deixar registrados aqui todos os meus passos e aprendizados que possam ser relevantes para voc\u00eas. Por isso, o que n\u00e3o vai faltar aqui \u00e9 conte\u00fado de valor! Est\u00e3o todos \u00e0 bordo?<\/p>\n\n\n\n<p>Ent\u00e3o, partiu!<\/p>\n\n\n\n<ul class=\"wp-block-social-links alignleft is-layout-flex wp-block-social-links-is-layout-flex\"><li class=\"wp-social-link wp-social-link-tiktok  wp-block-social-link\"><a href=\"https:\/\/www.tiktok.com\/@nayararibeiros\" class=\"wp-block-social-link-anchor\"><svg width=\"24\" height=\"24\" viewBox=\"0 0 32 32\" version=\"1.1\" xmlns=\"http:\/\/www.w3.org\/2000\/svg\" aria-hidden=\"true\" focusable=\"false\"><path d=\"M16.708 0.027c1.745-0.027 3.48-0.011 5.213-0.027 0.105 2.041 0.839 4.12 2.333 5.563 1.491 1.479 3.6 2.156 5.652 2.385v5.369c-1.923-0.063-3.855-0.463-5.6-1.291-0.76-0.344-1.468-0.787-2.161-1.24-0.009 3.896 0.016 7.787-0.025 11.667-0.104 1.864-0.719 3.719-1.803 5.255-1.744 2.557-4.771 4.224-7.88 4.276-1.907 0.109-3.812-0.411-5.437-1.369-2.693-1.588-4.588-4.495-4.864-7.615-0.032-0.667-0.043-1.333-0.016-1.984 0.24-2.537 1.495-4.964 3.443-6.615 2.208-1.923 5.301-2.839 8.197-2.297 0.027 1.975-0.052 3.948-0.052 5.923-1.323-0.428-2.869-0.308-4.025 0.495-0.844 0.547-1.485 1.385-1.819 2.333-0.276 0.676-0.197 1.427-0.181 2.145 0.317 2.188 2.421 4.027 4.667 3.828 1.489-0.016 2.916-0.88 3.692-2.145 0.251-0.443 0.532-0.896 0.547-1.417 0.131-2.385 0.079-4.76 0.095-7.145 0.011-5.375-0.016-10.735 0.025-16.093z\" \/><\/svg><span class=\"wp-block-social-link-label screen-reader-text\">TikTok<\/span><\/a><\/li>\n\n<li class=\"wp-social-link wp-social-link-instagram  wp-block-social-link\"><a href=\"https:\/\/www.instagram.com\/nayararibeiros\/\" class=\"wp-block-social-link-anchor\"><svg width=\"24\" height=\"24\" viewBox=\"0 0 24 24\" version=\"1.1\" xmlns=\"http:\/\/www.w3.org\/2000\/svg\" aria-hidden=\"true\" focusable=\"false\"><path d=\"M12,4.622c2.403,0,2.688,0.009,3.637,0.052c0.877,0.04,1.354,0.187,1.671,0.31c0.42,0.163,0.72,0.358,1.035,0.673 c0.315,0.315,0.51,0.615,0.673,1.035c0.123,0.317,0.27,0.794,0.31,1.671c0.043,0.949,0.052,1.234,0.052,3.637 s-0.009,2.688-0.052,3.637c-0.04,0.877-0.187,1.354-0.31,1.671c-0.163,0.42-0.358,0.72-0.673,1.035 c-0.315,0.315-0.615,0.51-1.035,0.673c-0.317,0.123-0.794,0.27-1.671,0.31c-0.949,0.043-1.233,0.052-3.637,0.052 s-2.688-0.009-3.637-0.052c-0.877-0.04-1.354-0.187-1.671-0.31c-0.42-0.163-0.72-0.358-1.035-0.673 c-0.315-0.315-0.51-0.615-0.673-1.035c-0.123-0.317-0.27-0.794-0.31-1.671C4.631,14.688,4.622,14.403,4.622,12 s0.009-2.688,0.052-3.637c0.04-0.877,0.187-1.354,0.31-1.671c0.163-0.42,0.358-0.72,0.673-1.035 c0.315-0.315,0.615-0.51,1.035-0.673c0.317-0.123,0.794-0.27,1.671-0.31C9.312,4.631,9.597,4.622,12,4.622 M12,3 C9.556,3,9.249,3.01,8.289,3.054C7.331,3.098,6.677,3.25,6.105,3.472C5.513,3.702,5.011,4.01,4.511,4.511 c-0.5,0.5-0.808,1.002-1.038,1.594C3.25,6.677,3.098,7.331,3.054,8.289C3.01,9.249,3,9.556,3,12c0,2.444,0.01,2.751,0.054,3.711 c0.044,0.958,0.196,1.612,0.418,2.185c0.23,0.592,0.538,1.094,1.038,1.594c0.5,0.5,1.002,0.808,1.594,1.038 c0.572,0.222,1.227,0.375,2.185,0.418C9.249,20.99,9.556,21,12,21s2.751-0.01,3.711-0.054c0.958-0.044,1.612-0.196,2.185-0.418 c0.592-0.23,1.094-0.538,1.594-1.038c0.5-0.5,0.808-1.002,1.038-1.594c0.222-0.572,0.375-1.227,0.418-2.185 C20.99,14.751,21,14.444,21,12s-0.01-2.751-0.054-3.711c-0.044-0.958-0.196-1.612-0.418-2.185c-0.23-0.592-0.538-1.094-1.038-1.594 c-0.5-0.5-1.002-0.808-1.594-1.038c-0.572-0.222-1.227-0.375-2.185-0.418C14.751,3.01,14.444,3,12,3L12,3z M12,7.378 c-2.552,0-4.622,2.069-4.622,4.622S9.448,16.622,12,16.622s4.622-2.069,4.622-4.622S14.552,7.378,12,7.378z M12,15 c-1.657,0-3-1.343-3-3s1.343-3,3-3s3,1.343,3,3S13.657,15,12,15z M16.804,6.116c-0.596,0-1.08,0.484-1.08,1.08 s0.484,1.08,1.08,1.08c0.596,0,1.08-0.484,1.08-1.08S17.401,6.116,16.804,6.116z\"><\/path><\/svg><span class=\"wp-block-social-link-label screen-reader-text\">Instagram<\/span><\/a><\/li>\n\n<li class=\"wp-social-link wp-social-link-x  wp-block-social-link\"><a href=\"https:\/\/twitter.com\/nayararibeiros\" class=\"wp-block-social-link-anchor\"><svg width=\"24\" height=\"24\" viewBox=\"0 0 24 24\" version=\"1.1\" xmlns=\"http:\/\/www.w3.org\/2000\/svg\" aria-hidden=\"true\" focusable=\"false\"><path d=\"M13.982 10.622 20.54 3h-1.554l-5.693 6.618L8.745 3H3.5l6.876 10.007L3.5 21h1.554l6.012-6.989L15.868 21h5.245l-7.131-10.378Zm-2.128 2.474-.697-.997-5.543-7.93H8l4.474 6.4.697.996 5.815 8.318h-2.387l-4.745-6.787Z\" \/><\/svg><span class=\"wp-block-social-link-label screen-reader-text\">X<\/span><\/a><\/li><\/ul>\n<\/div><figure class=\"wp-block-media-text__media\"><img fetchpriority=\"high\" decoding=\"async\" width=\"1115\" height=\"1115\" src=\"http:\/\/nayandtheplanet.com\/wp-content\/uploads\/2023\/11\/Nayara-Ribeiro-min-e1700418603515.png\" alt=\"Nayara Ribeiro Profile Picture\" class=\"wp-image-2428 size-full\" srcset=\"https:\/\/nayandtheplanet.com\/wp-content\/uploads\/2023\/11\/Nayara-Ribeiro-min-e1700418603515.png 1115w, https:\/\/nayandtheplanet.com\/wp-content\/uploads\/2023\/11\/Nayara-Ribeiro-min-e1700418603515-300x300.png 300w, https:\/\/nayandtheplanet.com\/wp-content\/uploads\/2023\/11\/Nayara-Ribeiro-min-e1700418603515-1024x1024.png 1024w, https:\/\/nayandtheplanet.com\/wp-content\/uploads\/2023\/11\/Nayara-Ribeiro-min-e1700418603515-150x150.png 150w, https:\/\/nayandtheplanet.com\/wp-content\/uploads\/2023\/11\/Nayara-Ribeiro-min-e1700418603515-768x768.png 768w\" sizes=\"(max-width: 1115px) 100vw, 1115px\" \/><\/figure><\/div>\n<\/div>\n","protected":false},"excerpt":{"rendered":"<p>Oi! Eu me chamo Nayara. Embarque comigo nesta aventura pelo planeta Nascida em Belo Horizonte, Taurina com Ascendente em C\u00e2ncer [&hellip;]<\/p>\n","protected":false},"author":2,"featured_media":0,"parent":0,"menu_order":0,"comment_status":"closed","ping_status":"closed","template":"","meta":{"_uag_custom_page_level_css":"","site-sidebar-layout":"no-sidebar","site-content-layout":"plain-container","ast-site-content-layout":"normal-width-container","site-content-style":"unboxed","site-sidebar-style":"unboxed","ast-global-header-display":"","ast-banner-title-visibility":"","ast-main-header-display":"","ast-hfb-above-header-display":"","ast-hfb-below-header-display":"","ast-hfb-mobile-header-display":"","site-post-title":"disabled","ast-breadcrumbs-content":"","ast-featured-img":"disabled","footer-sml-layout":"","theme-transparent-header-meta":"default","adv-header-id-meta":"","stick-header-meta":"","header-above-stick-meta":"","header-main-stick-meta":"","header-below-stick-meta":"","astra-migrate-meta-layouts":"default","ast-page-background-enabled":"default","ast-page-background-meta":{"desktop":{"background-color":"var(--ast-global-color-4)","background-image":"","background-repeat":"repeat","background-position":"center center","background-size":"auto","background-attachment":"scroll","background-type":"","background-media":"","overlay-type":"","overlay-color":"","overlay-gradient":""},"tablet":{"background-color":"","background-image":"","background-repeat":"repeat","background-position":"center center","background-size":"auto","background-attachment":"scroll","background-type":"","background-media":"","overlay-type":"","overlay-color":"","overlay-gradient":""},"mobile":{"background-color":"","background-image":"","background-repeat":"repeat","background-position":"center center","background-size":"auto","background-attachment":"scroll","background-type":"","background-media":"","overlay-type":"","overlay-color":"","overlay-gradient":""}},"ast-content-background-meta":{"desktop":{"background-color":"var(--ast-global-color-5)","background-image":"","background-repeat":"repeat","background-position":"center center","background-size":"auto","background-attachment":"scroll","background-type":"","background-media":"","overlay-type":"","overlay-color":"","overlay-gradient":""},"tablet":{"background-color":"var(--ast-global-color-5)","background-image":"","background-repeat":"repeat","background-position":"center center","background-size":"auto","background-attachment":"scroll","background-type":"","background-media":"","overlay-type":"","overlay-color":"","overlay-gradient":""},"mobile":{"background-color":"var(--ast-global-color-5)","background-image":"","background-repeat":"repeat","background-position":"center center","background-size":"auto","background-attachment":"scroll","background-type":"","background-media":"","overlay-type":"","overlay-color":"","overlay-gradient":""}},"footnotes":""},"class_list":["post-2434","page","type-page","status-publish","hentry"],"yoast_head":"<!-- This site is optimized with the Yoast SEO plugin v27.6 - https:\/\/yoast.com\/product\/yoast-seo-wordpress\/ -->\n<title>Sobre Nayara Ribeiro - Nay and the Planet<\/title>\n<meta name=\"description\" content=\"Sobre Nayara Ribeiro, criadora de Nay and the Planet: Comunicadora, criativa e viajante, apaixonada por conhecer novos lugares e pessoas.\" \/>\n<meta name=\"robots\" content=\"index, follow, max-snippet:-1, max-image-preview:large, max-video-preview:-1\" \/>\n<link rel=\"canonical\" href=\"https:\/\/nayandtheplanet.com\/pt-br\/sobre\/\" \/>\n<meta property=\"og:locale\" content=\"pt_BR\" \/>\n<meta property=\"og:type\" content=\"article\" \/>\n<meta property=\"og:title\" content=\"Sobre Nayara Ribeiro - Nay and the Planet\" \/>\n<meta property=\"og:description\" content=\"Sobre Nayara Ribeiro, criadora de Nay and the Planet: Comunicadora, criativa e viajante, apaixonada por conhecer novos lugares e pessoas.\" \/>\n<meta property=\"og:url\" content=\"https:\/\/nayandtheplanet.com\/pt-br\/sobre\/\" \/>\n<meta property=\"og:site_name\" content=\"Nay and the Planet\" \/>\n<meta property=\"article:modified_time\" content=\"2023-12-26T18:53:47+00:00\" \/>\n<meta property=\"og:image\" content=\"http:\/\/nayandtheplanet.com\/wp-content\/uploads\/2023\/11\/Nayara-Ribeiro-min-e1700418603515.png\" \/>\n<meta name=\"twitter:card\" content=\"summary_large_image\" \/>\n<meta name=\"twitter:label1\" content=\"Est. tempo de leitura\" \/>\n\t<meta name=\"twitter:data1\" content=\"1 minuto\" \/>\n<script type=\"application\/ld+json\" class=\"yoast-schema-graph\">{\"@context\":\"https:\\\/\\\/schema.org\",\"@graph\":[{\"@type\":\"WebPage\",\"@id\":\"https:\\\/\\\/nayandtheplanet.com\\\/pt-br\\\/sobre\\\/\",\"url\":\"https:\\\/\\\/nayandtheplanet.com\\\/pt-br\\\/sobre\\\/\",\"name\":\"Sobre Nayara Ribeiro - Nay and the Planet\",\"isPartOf\":{\"@id\":\"https:\\\/\\\/nayandtheplanet.com\\\/pt-br\\\/#website\"},\"primaryImageOfPage\":{\"@id\":\"https:\\\/\\\/nayandtheplanet.com\\\/pt-br\\\/sobre\\\/#primaryimage\"},\"image\":{\"@id\":\"https:\\\/\\\/nayandtheplanet.com\\\/pt-br\\\/sobre\\\/#primaryimage\"},\"thumbnailUrl\":\"http:\\\/\\\/nayandtheplanet.com\\\/wp-content\\\/uploads\\\/2023\\\/11\\\/Nayara-Ribeiro-min-e1700418603515.png\",\"datePublished\":\"2020-09-17T15:27:10+00:00\",\"dateModified\":\"2023-12-26T18:53:47+00:00\",\"description\":\"Sobre Nayara Ribeiro, criadora de Nay and the Planet: Comunicadora, criativa e viajante, apaixonada por conhecer novos lugares e pessoas.\",\"breadcrumb\":{\"@id\":\"https:\\\/\\\/nayandtheplanet.com\\\/pt-br\\\/sobre\\\/#breadcrumb\"},\"inLanguage\":\"pt-BR\",\"potentialAction\":[{\"@type\":\"ReadAction\",\"target\":[\"https:\\\/\\\/nayandtheplanet.com\\\/pt-br\\\/sobre\\\/\"]}]},{\"@type\":\"ImageObject\",\"inLanguage\":\"pt-BR\",\"@id\":\"https:\\\/\\\/nayandtheplanet.com\\\/pt-br\\\/sobre\\\/#primaryimage\",\"url\":\"http:\\\/\\\/nayandtheplanet.com\\\/wp-content\\\/uploads\\\/2023\\\/11\\\/Nayara-Ribeiro-min-e1700418603515.png\",\"contentUrl\":\"http:\\\/\\\/nayandtheplanet.com\\\/wp-content\\\/uploads\\\/2023\\\/11\\\/Nayara-Ribeiro-min-e1700418603515.png\"},{\"@type\":\"BreadcrumbList\",\"@id\":\"https:\\\/\\\/nayandtheplanet.com\\\/pt-br\\\/sobre\\\/#breadcrumb\",\"itemListElement\":[{\"@type\":\"ListItem\",\"position\":1,\"name\":\"In\u00edcio\",\"item\":\"https:\\\/\\\/nayandtheplanet.com\\\/pt-br\\\/\"},{\"@type\":\"ListItem\",\"position\":2,\"name\":\"Sobre\"}]},{\"@type\":\"WebSite\",\"@id\":\"https:\\\/\\\/nayandtheplanet.com\\\/pt-br\\\/#website\",\"url\":\"https:\\\/\\\/nayandtheplanet.com\\\/pt-br\\\/\",\"name\":\"Nay and the Planet\",\"description\":\"Travel &amp; Lifestyle Blog\",\"publisher\":{\"@id\":\"https:\\\/\\\/nayandtheplanet.com\\\/pt-br\\\/#organization\"},\"potentialAction\":[{\"@type\":\"SearchAction\",\"target\":{\"@type\":\"EntryPoint\",\"urlTemplate\":\"https:\\\/\\\/nayandtheplanet.com\\\/pt-br\\\/?s={search_term_string}\"},\"query-input\":{\"@type\":\"PropertyValueSpecification\",\"valueRequired\":true,\"valueName\":\"search_term_string\"}}],\"inLanguage\":\"pt-BR\"},{\"@type\":\"Organization\",\"@id\":\"https:\\\/\\\/nayandtheplanet.com\\\/pt-br\\\/#organization\",\"name\":\"Nay and the Planet\",\"url\":\"https:\\\/\\\/nayandtheplanet.com\\\/pt-br\\\/\",\"logo\":{\"@type\":\"ImageObject\",\"inLanguage\":\"pt-BR\",\"@id\":\"https:\\\/\\\/nayandtheplanet.com\\\/pt-br\\\/#\\\/schema\\\/logo\\\/image\\\/\",\"url\":\"https:\\\/\\\/nayandtheplanet.com\\\/wp-content\\\/uploads\\\/2021\\\/01\\\/cropped-Nay-and-the-planet-site-icon-2.png\",\"contentUrl\":\"https:\\\/\\\/nayandtheplanet.com\\\/wp-content\\\/uploads\\\/2021\\\/01\\\/cropped-Nay-and-the-planet-site-icon-2.png\",\"width\":512,\"height\":512,\"caption\":\"Nay and the Planet\"},\"image\":{\"@id\":\"https:\\\/\\\/nayandtheplanet.com\\\/pt-br\\\/#\\\/schema\\\/logo\\\/image\\\/\"}}]}<\/script>\n<!-- \/ Yoast SEO plugin. -->","yoast_head_json":{"title":"Sobre Nayara Ribeiro - Nay and the Planet","description":"Sobre Nayara Ribeiro, criadora de Nay and the Planet: Comunicadora, criativa e viajante, apaixonada por conhecer novos lugares e pessoas.","robots":{"index":"index","follow":"follow","max-snippet":"max-snippet:-1","max-image-preview":"max-image-preview:large","max-video-preview":"max-video-preview:-1"},"canonical":"https:\/\/nayandtheplanet.com\/pt-br\/sobre\/","og_locale":"pt_BR","og_type":"article","og_title":"Sobre Nayara Ribeiro - Nay and the Planet","og_description":"Sobre Nayara Ribeiro, criadora de Nay and the Planet: Comunicadora, criativa e viajante, apaixonada por conhecer novos lugares e pessoas.","og_url":"https:\/\/nayandtheplanet.com\/pt-br\/sobre\/","og_site_name":"Nay and the Planet","article_modified_time":"2023-12-26T18:53:47+00:00","og_image":[{"url":"http:\/\/nayandtheplanet.com\/wp-content\/uploads\/2023\/11\/Nayara-Ribeiro-min-e1700418603515.png","type":"","width":"","height":""}],"twitter_card":"summary_large_image","twitter_misc":{"Est. tempo de leitura":"1 minuto"},"schema":{"@context":"https:\/\/schema.org","@graph":[{"@type":"WebPage","@id":"https:\/\/nayandtheplanet.com\/pt-br\/sobre\/","url":"https:\/\/nayandtheplanet.com\/pt-br\/sobre\/","name":"Sobre Nayara Ribeiro - Nay and the Planet","isPartOf":{"@id":"https:\/\/nayandtheplanet.com\/pt-br\/#website"},"primaryImageOfPage":{"@id":"https:\/\/nayandtheplanet.com\/pt-br\/sobre\/#primaryimage"},"image":{"@id":"https:\/\/nayandtheplanet.com\/pt-br\/sobre\/#primaryimage"},"thumbnailUrl":"http:\/\/nayandtheplanet.com\/wp-content\/uploads\/2023\/11\/Nayara-Ribeiro-min-e1700418603515.png","datePublished":"2020-09-17T15:27:10+00:00","dateModified":"2023-12-26T18:53:47+00:00","description":"Sobre Nayara Ribeiro, criadora de Nay and the Planet: Comunicadora, criativa e viajante, apaixonada por conhecer novos lugares e pessoas.","breadcrumb":{"@id":"https:\/\/nayandtheplanet.com\/pt-br\/sobre\/#breadcrumb"},"inLanguage":"pt-BR","potentialAction":[{"@type":"ReadAction","target":["https:\/\/nayandtheplanet.com\/pt-br\/sobre\/"]}]},{"@type":"ImageObject","inLanguage":"pt-BR","@id":"https:\/\/nayandtheplanet.com\/pt-br\/sobre\/#primaryimage","url":"http:\/\/nayandtheplanet.com\/wp-content\/uploads\/2023\/11\/Nayara-Ribeiro-min-e1700418603515.png","contentUrl":"http:\/\/nayandtheplanet.com\/wp-content\/uploads\/2023\/11\/Nayara-Ribeiro-min-e1700418603515.png"},{"@type":"BreadcrumbList","@id":"https:\/\/nayandtheplanet.com\/pt-br\/sobre\/#breadcrumb","itemListElement":[{"@type":"ListItem","position":1,"name":"In\u00edcio","item":"https:\/\/nayandtheplanet.com\/pt-br\/"},{"@type":"ListItem","position":2,"name":"Sobre"}]},{"@type":"WebSite","@id":"https:\/\/nayandtheplanet.com\/pt-br\/#website","url":"https:\/\/nayandtheplanet.com\/pt-br\/","name":"Nay and the Planet","description":"Travel &amp; Lifestyle Blog","publisher":{"@id":"https:\/\/nayandtheplanet.com\/pt-br\/#organization"},"potentialAction":[{"@type":"SearchAction","target":{"@type":"EntryPoint","urlTemplate":"https:\/\/nayandtheplanet.com\/pt-br\/?s={search_term_string}"},"query-input":{"@type":"PropertyValueSpecification","valueRequired":true,"valueName":"search_term_string"}}],"inLanguage":"pt-BR"},{"@type":"Organization","@id":"https:\/\/nayandtheplanet.com\/pt-br\/#organization","name":"Nay and the Planet","url":"https:\/\/nayandtheplanet.com\/pt-br\/","logo":{"@type":"ImageObject","inLanguage":"pt-BR","@id":"https:\/\/nayandtheplanet.com\/pt-br\/#\/schema\/logo\/image\/","url":"https:\/\/nayandtheplanet.com\/wp-content\/uploads\/2021\/01\/cropped-Nay-and-the-planet-site-icon-2.png","contentUrl":"https:\/\/nayandtheplanet.com\/wp-content\/uploads\/2021\/01\/cropped-Nay-and-the-planet-site-icon-2.png","width":512,"height":512,"caption":"Nay and the Planet"},"image":{"@id":"https:\/\/nayandtheplanet.com\/pt-br\/#\/schema\/logo\/image\/"}}]}},"uagb_featured_image_src":{"full":false,"thumbnail":false,"medium":false,"medium_large":false,"large":false,"1536x1536":false,"2048x2048":false},"uagb_author_info":{"display_name":"Nayara Byrne","author_link":"https:\/\/nayandtheplanet.com\/pt-br\/author\/nayara\/"},"uagb_comment_info":0,"uagb_excerpt":"Oi! Eu me chamo Nayara. Embarque comigo nesta aventura pelo planeta Nascida em Belo Horizonte, Taurina com Ascendente em C\u00e2ncer [&hellip;]","_links":{"self":[{"href":"https:\/\/nayandtheplanet.com\/pt-br\/wp-json\/wp\/v2\/pages\/2434","targetHints":{"allow":["GET"]}}],"collection":[{"href":"https:\/\/nayandtheplanet.com\/pt-br\/wp-json\/wp\/v2\/pages"}],"about":[{"href":"https:\/\/nayandtheplanet.com\/pt-br\/wp-json\/wp\/v2\/types\/page"}],"author":[{"embeddable":true,"href":"https:\/\/nayandtheplanet.com\/pt-br\/wp-json\/wp\/v2\/users\/2"}],"replies":[{"embeddable":true,"href":"https:\/\/nayandtheplanet.com\/pt-br\/wp-json\/wp\/v2\/comments?post=2434"}],"version-history":[{"count":4,"href":"https:\/\/nayandtheplanet.com\/pt-br\/wp-json\/wp\/v2\/pages\/2434\/revisions"}],"predecessor-version":[{"id":2716,"href":"https:\/\/nayandtheplanet.com\/pt-br\/wp-json\/wp\/v2\/pages\/2434\/revisions\/2716"}],"wp:attachment":[{"href":"https:\/\/nayandtheplanet.com\/pt-br\/wp-json\/wp\/v2\/media?parent=2434"}],"curies":[{"name":"wp","href":"https:\/\/api.w.org\/{rel}","templated":true}]}}